{"id":12,"date":"2018-06-12T09:05:21","date_gmt":"2018-06-12T06:05:21","guid":{"rendered":"https:\/\/www.fit.fi\/peippo\/about\/"},"modified":"2018-07-06T10:40:21","modified_gmt":"2018-07-06T07:40:21","slug":"about","status":"publish","type":"page","link":"https:\/\/www.fit.fi\/peippo\/about\/","title":{"rendered":"Tietoa bloggaajasta"},"content":{"rendered":"<p><strong>Laura Peippo<\/strong> on yksi Suomen seuratuimmista\u00a0 liikuntabloggaajista. H\u00e4n on my\u00f6s valmentaja, personal trainer ja Levi Wellness Clubin omistaja, joka on valittu Suomen iloisimmaksi yritt\u00e4j\u00e4ksi vuonna 2017. Kokkina aiemmin ty\u00f6skennellyt Laura l\u00f6ysi liikunnan poltettuaan itsens\u00e4 loppuun ravintola-alalla. Liikunta opetti h\u00e4net pit\u00e4m\u00e4\u00e4n huolta itsest\u00e4\u00e4n ja rakastamaan ty\u00f6t\u00e4\u00e4n. Lauran lajit ovat crossfit, salitreeni ja jooga. H\u00e4n bloggaa treenaamisesta, hyvinvoinnista, terveydest\u00e4, itsetunnosta sek\u00e4 terveelliseen el\u00e4m\u00e4ntyyliin liittyvist\u00e4 ylily\u00f6nneist\u00e4. Laura tunnetaan keskustelunher\u00e4tt\u00e4j\u00e4n\u00e4, mutta my\u00f6s lohdullisena j\u00e4rjen \u00e4\u00e4nen\u00e4.<\/p>\n<p>Haluatko tehd\u00e4 yhteisty\u00f6t\u00e4 Lauran kanssa? <strong>Ota yhteytt\u00e4:<\/strong> <em>Fokus Median kaupallinen tuottaja\u00a0<a href=\"mailto:henna.manninen@fokusmedia.fi\" target=\"_blank\" rel=\"noopener\">Henna Manninen<\/a>.<\/em><\/p>\n","protected":false},"excerpt":{"rendered":"<p>Laura Peippo on yksi Suomen seuratuimmista\u00a0 liikuntabloggaajista. H\u00e4n on my\u00f6s valmentaja, personal trainer ja Levi Wellness Clubin omistaja, joka on valittu Suomen iloisimmaksi yritt\u00e4j\u00e4ksi vuonna 2017. Kokkina aiemmin ty\u00f6skennellyt Laura l\u00f6ysi liikunnan poltettuaan itsens\u00e4 loppuun ravintola-alalla. Liikunta opetti h\u00e4net pit\u00e4m\u00e4\u00e4n huolta itsest\u00e4\u00e4n ja rakastamaan ty\u00f6t\u00e4\u00e4n. Lauran lajit ovat crossfit, salitreeni ja jooga. H\u00e4n bloggaa treenaamisesta,<\/p>\n","protected":false},"author":27,"featured_media":47,"parent":0,"menu_order":0,"comment_status":"closed","ping_status":"closed","template":"page-templates\/about.php","meta":{"_acf_changed":false,"footnotes":""},"class_list":["post-12","page","type-page","status-publish","has-post-thumbnail","hentry"],"acf":[],"yoast_head":"<!-- This site is optimized with the Yoast SEO plugin v27.4 - https:\/\/yoast.com\/product\/yoast-seo-wordpress\/ -->\n<title>Tietoa bloggaajasta - Peippo<\/title>\n<meta name=\"description\" content=\"Laura Peippo on yksi Suomen seuratuimmista\u00a0 liikuntabloggaajista. H\u00e4n bloggaa treenaamisesta, hyvinvoinnista, terveydest\u00e4 ja itsetunnosta.\" \/>\n<meta name=\"robots\" content=\"index, follow, max-snippet:-1, max-image-preview:large, max-video-preview:-1\" \/>\n<link rel=\"canonical\" href=\"https:\/\/www.fit.fi\/peippo\/about\/\" \/>\n<meta property=\"og:locale\" content=\"fi_FI\" \/>\n<meta property=\"og:type\" content=\"article\" \/>\n<meta property=\"og:title\" content=\"Tietoa bloggaajasta - Peippo\" \/>\n<meta property=\"og:description\" content=\"Laura Peippo on yksi Suomen seuratuimmista\u00a0 liikuntabloggaajista. H\u00e4n bloggaa treenaamisesta, hyvinvoinnista, terveydest\u00e4 ja itsetunnosta.\" \/>\n<meta property=\"og:url\" content=\"https:\/\/www.fit.fi\/peippo\/about\/\" \/>\n<meta property=\"og:site_name\" content=\"Peippo\" \/>\n<meta property=\"article:modified_time\" content=\"2018-07-06T07:40:21+00:00\" \/>\n<meta property=\"og:image\" content=\"https:\/\/www.fit.fi\/peippo\/wp-content\/uploads\/sites\/42\/2018\/06\/Peippo-Pipo.jpg\" \/>\n\t<meta property=\"og:image:width\" content=\"768\" \/>\n\t<meta property=\"og:image:height\" content=\"960\" \/>\n\t<meta property=\"og:image:type\" content=\"image\/jpeg\" \/>\n<meta name=\"twitter:card\" content=\"summary_large_image\" \/>\n<meta name=\"twitter:label1\" content=\"Arvioitu lukuaika\" \/>\n\t<meta name=\"twitter:data1\" content=\"1 minuutti\" \/>\n<script type=\"application\/ld+json\" class=\"yoast-schema-graph\">{\"@context\":\"https:\\\/\\\/schema.org\",\"@graph\":[{\"@type\":\"WebPage\",\"@id\":\"https:\\\/\\\/www.fit.fi\\\/peippo\\\/about\\\/\",\"url\":\"https:\\\/\\\/www.fit.fi\\\/peippo\\\/about\\\/\",\"name\":\"Tietoa bloggaajasta - Peippo\",\"isPartOf\":{\"@id\":\"https:\\\/\\\/www.fit.fi\\\/peippo\\\/#website\"},\"primaryImageOfPage\":{\"@id\":\"https:\\\/\\\/www.fit.fi\\\/peippo\\\/about\\\/#primaryimage\"},\"image\":{\"@id\":\"https:\\\/\\\/www.fit.fi\\\/peippo\\\/about\\\/#primaryimage\"},\"thumbnailUrl\":\"https:\\\/\\\/www.fit.fi\\\/peippo\\\/wp-content\\\/uploads\\\/sites\\\/42\\\/2018\\\/06\\\/Peippo-Pipo.jpg\",\"datePublished\":\"2018-06-12T06:05:21+00:00\",\"dateModified\":\"2018-07-06T07:40:21+00:00\",\"description\":\"Laura Peippo on yksi Suomen seuratuimmista\u00a0 liikuntabloggaajista. H\u00e4n bloggaa treenaamisesta, hyvinvoinnista, terveydest\u00e4 ja itsetunnosta.\",\"breadcrumb\":{\"@id\":\"https:\\\/\\\/www.fit.fi\\\/peippo\\\/about\\\/#breadcrumb\"},\"inLanguage\":\"fi\",\"potentialAction\":[{\"@type\":\"ReadAction\",\"target\":[\"https:\\\/\\\/www.fit.fi\\\/peippo\\\/about\\\/\"]}]},{\"@type\":\"ImageObject\",\"inLanguage\":\"fi\",\"@id\":\"https:\\\/\\\/www.fit.fi\\\/peippo\\\/about\\\/#primaryimage\",\"url\":\"https:\\\/\\\/www.fit.fi\\\/peippo\\\/wp-content\\\/uploads\\\/sites\\\/42\\\/2018\\\/06\\\/Peippo-Pipo.jpg\",\"contentUrl\":\"https:\\\/\\\/www.fit.fi\\\/peippo\\\/wp-content\\\/uploads\\\/sites\\\/42\\\/2018\\\/06\\\/Peippo-Pipo.jpg\",\"width\":768,\"height\":960,\"caption\":\"Peippo\"},{\"@type\":\"BreadcrumbList\",\"@id\":\"https:\\\/\\\/www.fit.fi\\\/peippo\\\/about\\\/#breadcrumb\",\"itemListElement\":[{\"@type\":\"ListItem\",\"position\":1,\"name\":\"Home\",\"item\":\"https:\\\/\\\/www.fit.fi\\\/peippo\\\/\"},{\"@type\":\"ListItem\",\"position\":2,\"name\":\"Tietoa bloggaajasta\"}]},{\"@type\":\"WebSite\",\"@id\":\"https:\\\/\\\/www.fit.fi\\\/peippo\\\/#website\",\"url\":\"https:\\\/\\\/www.fit.fi\\\/peippo\\\/\",\"name\":\"Peippo\",\"description\":\"\",\"potentialAction\":[{\"@type\":\"SearchAction\",\"target\":{\"@type\":\"EntryPoint\",\"urlTemplate\":\"https:\\\/\\\/www.fit.fi\\\/peippo\\\/?s={search_term_string}\"},\"query-input\":{\"@type\":\"PropertyValueSpecification\",\"valueRequired\":true,\"valueName\":\"search_term_string\"}}],\"inLanguage\":\"fi\"}]}<\/script>\n<!-- \/ Yoast SEO plugin. -->","yoast_head_json":{"title":"Tietoa bloggaajasta - Peippo","description":"Laura Peippo on yksi Suomen seuratuimmista\u00a0 liikuntabloggaajista. H\u00e4n bloggaa treenaamisesta, hyvinvoinnista, terveydest\u00e4 ja itsetunnosta.","robots":{"index":"index","follow":"follow","max-snippet":"max-snippet:-1","max-image-preview":"max-image-preview:large","max-video-preview":"max-video-preview:-1"},"canonical":"https:\/\/www.fit.fi\/peippo\/about\/","og_locale":"fi_FI","og_type":"article","og_title":"Tietoa bloggaajasta - Peippo","og_description":"Laura Peippo on yksi Suomen seuratuimmista\u00a0 liikuntabloggaajista. H\u00e4n bloggaa treenaamisesta, hyvinvoinnista, terveydest\u00e4 ja itsetunnosta.","og_url":"https:\/\/www.fit.fi\/peippo\/about\/","og_site_name":"Peippo","article_modified_time":"2018-07-06T07:40:21+00:00","og_image":[{"width":768,"height":960,"url":"https:\/\/www.fit.fi\/peippo\/wp-content\/uploads\/sites\/42\/2018\/06\/Peippo-Pipo.jpg","type":"image\/jpeg"}],"twitter_card":"summary_large_image","twitter_misc":{"Arvioitu lukuaika":"1 minuutti"},"schema":{"@context":"https:\/\/schema.org","@graph":[{"@type":"WebPage","@id":"https:\/\/www.fit.fi\/peippo\/about\/","url":"https:\/\/www.fit.fi\/peippo\/about\/","name":"Tietoa bloggaajasta - Peippo","isPartOf":{"@id":"https:\/\/www.fit.fi\/peippo\/#website"},"primaryImageOfPage":{"@id":"https:\/\/www.fit.fi\/peippo\/about\/#primaryimage"},"image":{"@id":"https:\/\/www.fit.fi\/peippo\/about\/#primaryimage"},"thumbnailUrl":"https:\/\/www.fit.fi\/peippo\/wp-content\/uploads\/sites\/42\/2018\/06\/Peippo-Pipo.jpg","datePublished":"2018-06-12T06:05:21+00:00","dateModified":"2018-07-06T07:40:21+00:00","description":"Laura Peippo on yksi Suomen seuratuimmista\u00a0 liikuntabloggaajista. H\u00e4n bloggaa treenaamisesta, hyvinvoinnista, terveydest\u00e4 ja itsetunnosta.","breadcrumb":{"@id":"https:\/\/www.fit.fi\/peippo\/about\/#breadcrumb"},"inLanguage":"fi","potentialAction":[{"@type":"ReadAction","target":["https:\/\/www.fit.fi\/peippo\/about\/"]}]},{"@type":"ImageObject","inLanguage":"fi","@id":"https:\/\/www.fit.fi\/peippo\/about\/#primaryimage","url":"https:\/\/www.fit.fi\/peippo\/wp-content\/uploads\/sites\/42\/2018\/06\/Peippo-Pipo.jpg","contentUrl":"https:\/\/www.fit.fi\/peippo\/wp-content\/uploads\/sites\/42\/2018\/06\/Peippo-Pipo.jpg","width":768,"height":960,"caption":"Peippo"},{"@type":"BreadcrumbList","@id":"https:\/\/www.fit.fi\/peippo\/about\/#breadcrumb","itemListElement":[{"@type":"ListItem","position":1,"name":"Home","item":"https:\/\/www.fit.fi\/peippo\/"},{"@type":"ListItem","position":2,"name":"Tietoa bloggaajasta"}]},{"@type":"WebSite","@id":"https:\/\/www.fit.fi\/peippo\/#website","url":"https:\/\/www.fit.fi\/peippo\/","name":"Peippo","description":"","potentialAction":[{"@type":"SearchAction","target":{"@type":"EntryPoint","urlTemplate":"https:\/\/www.fit.fi\/peippo\/?s={search_term_string}"},"query-input":{"@type":"PropertyValueSpecification","valueRequired":true,"valueName":"search_term_string"}}],"inLanguage":"fi"}]}},"_links":{"self":[{"href":"https:\/\/www.fit.fi\/peippo\/wp-json\/wp\/v2\/pages\/12","targetHints":{"allow":["GET"]}}],"collection":[{"href":"https:\/\/www.fit.fi\/peippo\/wp-json\/wp\/v2\/pages"}],"about":[{"href":"https:\/\/www.fit.fi\/peippo\/wp-json\/wp\/v2\/types\/page"}],"author":[{"embeddable":true,"href":"https:\/\/www.fit.fi\/peippo\/wp-json\/wp\/v2\/users\/27"}],"replies":[{"embeddable":true,"href":"https:\/\/www.fit.fi\/peippo\/wp-json\/wp\/v2\/comments?post=12"}],"version-history":[{"count":3,"href":"https:\/\/www.fit.fi\/peippo\/wp-json\/wp\/v2\/pages\/12\/revisions"}],"predecessor-version":[{"id":100,"href":"https:\/\/www.fit.fi\/peippo\/wp-json\/wp\/v2\/pages\/12\/revisions\/100"}],"wp:featuredmedia":[{"embeddable":true,"href":"https:\/\/www.fit.fi\/peippo\/wp-json\/wp\/v2\/media\/47"}],"wp:attachment":[{"href":"https:\/\/www.fit.fi\/peippo\/wp-json\/wp\/v2\/media?parent=12"}],"curies":[{"name":"wp","href":"https:\/\/api.w.org\/{rel}","templated":true}]}}