{"id":10,"date":"2018-06-12T09:12:03","date_gmt":"2018-06-12T06:12:03","guid":{"rendered":"https:\/\/www.fit.fi\/elselautala\/about\/"},"modified":"2018-06-19T22:15:35","modified_gmt":"2018-06-19T19:15:35","slug":"about","status":"publish","type":"page","link":"https:\/\/www.fit.fi\/elselautala\/about\/","title":{"rendered":"Tietoa bloggaajasta"},"content":{"rendered":"<p>Viisinkertainen fitneksen maailmanmestari <strong>Else Lautala<\/strong> rakastaa rankkaa salitreeni\u00e4. Fitnessmallina tutuksi tullut Else nauttii my\u00f6s liikuntapahtumien j\u00e4rjest\u00e4misest\u00e4 ja juontamisesta. Elsen viihtyy luonnossa ja on koulutukseltaan er\u00e4opas. Yht\u00e4 mielell\u00e4\u00e4n h\u00e4n matkustaa ymp\u00e4ri maailmaa.<\/p>\n<p>Else kirjoittaa treenaamisesta, hyv\u00e4st\u00e4 olosta, luonnosta, terveellisest\u00e4 ravinnosta ja matkailusta. T\u00e4rke\u00e4 osa Elsen blogia ovat h\u00e4nen treenivideonsa. Elsen treenit l\u00f6ytyv\u00e4t my\u00f6s Fit-lehdest\u00e4.<\/p>\n<p>Haluatko tehd\u00e4 yhteisty\u00f6t\u00e4 Elsen kanssa? Ota yhteytt\u00e4 henna.manninen@fokusmedia.fi<\/p>\n","protected":false},"excerpt":{"rendered":"<p>Viisinkertainen fitneksen maailmanmestari Else Lautala rakastaa rankkaa salitreeni\u00e4. Fitnessmallina tutuksi tullut Else nauttii my\u00f6s liikuntapahtumien j\u00e4rjest\u00e4misest\u00e4 ja juontamisesta. Elsen viihtyy luonnossa ja on koulutukseltaan er\u00e4opas. Yht\u00e4 mielell\u00e4\u00e4n h\u00e4n matkustaa ymp\u00e4ri maailmaa. Else kirjoittaa treenaamisesta, hyv\u00e4st\u00e4 olosta, luonnosta, terveellisest\u00e4 ravinnosta ja matkailusta. T\u00e4rke\u00e4 osa Elsen blogia ovat h\u00e4nen treenivideonsa. Elsen treenit l\u00f6ytyv\u00e4t my\u00f6s Fit-lehdest\u00e4. Haluatko tehd\u00e4<\/p>\n","protected":false},"author":27,"featured_media":170,"parent":0,"menu_order":0,"comment_status":"closed","ping_status":"closed","template":"page-templates\/about.php","meta":{"_acf_changed":false,"footnotes":""},"class_list":["post-10","page","type-page","status-publish","has-post-thumbnail","hentry"],"acf":[],"yoast_head":"<!-- This site is optimized with the Yoast SEO plugin v27.3 - https:\/\/yoast.com\/product\/yoast-seo-wordpress\/ -->\n<title>Tietoa bloggaajasta - Else Lautala<\/title>\n<meta name=\"robots\" content=\"index, follow, max-snippet:-1, max-image-preview:large, max-video-preview:-1\" \/>\n<link rel=\"canonical\" href=\"https:\/\/www.fit.fi\/elselautala\/about\/\" \/>\n<meta property=\"og:locale\" content=\"fi_FI\" \/>\n<meta property=\"og:type\" content=\"article\" \/>\n<meta property=\"og:title\" content=\"Tietoa bloggaajasta - Else Lautala\" \/>\n<meta property=\"og:description\" content=\"Viisinkertainen fitneksen maailmanmestari Else Lautala rakastaa rankkaa salitreeni\u00e4. Fitnessmallina tutuksi tullut Else nauttii my\u00f6s liikuntapahtumien j\u00e4rjest\u00e4misest\u00e4 ja juontamisesta. Elsen viihtyy luonnossa ja on koulutukseltaan er\u00e4opas. Yht\u00e4 mielell\u00e4\u00e4n h\u00e4n matkustaa ymp\u00e4ri maailmaa. Else kirjoittaa treenaamisesta, hyv\u00e4st\u00e4 olosta, luonnosta, terveellisest\u00e4 ravinnosta ja matkailusta. T\u00e4rke\u00e4 osa Elsen blogia ovat h\u00e4nen treenivideonsa. Elsen treenit l\u00f6ytyv\u00e4t my\u00f6s Fit-lehdest\u00e4. Haluatko tehd\u00e4\" \/>\n<meta property=\"og:url\" content=\"https:\/\/www.fit.fi\/elselautala\/about\/\" \/>\n<meta property=\"og:site_name\" content=\"Else Lautala\" \/>\n<meta property=\"article:modified_time\" content=\"2018-06-19T19:15:35+00:00\" \/>\n<meta property=\"og:image\" content=\"https:\/\/www.fit.fi\/elselautala\/wp-content\/uploads\/sites\/46\/2018\/06\/FIT-Lehti-Blog-Else-Lautala-Profile-1-1024x1024.jpg\" \/>\n\t<meta property=\"og:image:width\" content=\"1024\" \/>\n\t<meta property=\"og:image:height\" content=\"1024\" \/>\n\t<meta property=\"og:image:type\" content=\"image\/jpeg\" \/>\n<meta name=\"twitter:card\" content=\"summary_large_image\" \/>\n<script type=\"application\/ld+json\" class=\"yoast-schema-graph\">{\"@context\":\"https:\\\/\\\/schema.org\",\"@graph\":[{\"@type\":\"WebPage\",\"@id\":\"https:\\\/\\\/www.fit.fi\\\/elselautala\\\/about\\\/\",\"url\":\"https:\\\/\\\/www.fit.fi\\\/elselautala\\\/about\\\/\",\"name\":\"Tietoa bloggaajasta - Else Lautala\",\"isPartOf\":{\"@id\":\"https:\\\/\\\/www.fit.fi\\\/elselautala\\\/#website\"},\"primaryImageOfPage\":{\"@id\":\"https:\\\/\\\/www.fit.fi\\\/elselautala\\\/about\\\/#primaryimage\"},\"image\":{\"@id\":\"https:\\\/\\\/www.fit.fi\\\/elselautala\\\/about\\\/#primaryimage\"},\"thumbnailUrl\":\"https:\\\/\\\/www.fit.fi\\\/elselautala\\\/wp-content\\\/uploads\\\/sites\\\/46\\\/2018\\\/06\\\/FIT-Lehti-Blog-Else-Lautala-Profile-1.jpg\",\"datePublished\":\"2018-06-12T06:12:03+00:00\",\"dateModified\":\"2018-06-19T19:15:35+00:00\",\"breadcrumb\":{\"@id\":\"https:\\\/\\\/www.fit.fi\\\/elselautala\\\/about\\\/#breadcrumb\"},\"inLanguage\":\"fi\",\"potentialAction\":[{\"@type\":\"ReadAction\",\"target\":[\"https:\\\/\\\/www.fit.fi\\\/elselautala\\\/about\\\/\"]}]},{\"@type\":\"ImageObject\",\"inLanguage\":\"fi\",\"@id\":\"https:\\\/\\\/www.fit.fi\\\/elselautala\\\/about\\\/#primaryimage\",\"url\":\"https:\\\/\\\/www.fit.fi\\\/elselautala\\\/wp-content\\\/uploads\\\/sites\\\/46\\\/2018\\\/06\\\/FIT-Lehti-Blog-Else-Lautala-Profile-1.jpg\",\"contentUrl\":\"https:\\\/\\\/www.fit.fi\\\/elselautala\\\/wp-content\\\/uploads\\\/sites\\\/46\\\/2018\\\/06\\\/FIT-Lehti-Blog-Else-Lautala-Profile-1.jpg\",\"width\":3648,\"height\":3648},{\"@type\":\"BreadcrumbList\",\"@id\":\"https:\\\/\\\/www.fit.fi\\\/elselautala\\\/about\\\/#breadcrumb\",\"itemListElement\":[{\"@type\":\"ListItem\",\"position\":1,\"name\":\"Home\",\"item\":\"https:\\\/\\\/www.fit.fi\\\/elselautala\\\/\"},{\"@type\":\"ListItem\",\"position\":2,\"name\":\"Tietoa bloggaajasta\"}]},{\"@type\":\"WebSite\",\"@id\":\"https:\\\/\\\/www.fit.fi\\\/elselautala\\\/#website\",\"url\":\"https:\\\/\\\/www.fit.fi\\\/elselautala\\\/\",\"name\":\"Else Lautala\",\"description\":\"\",\"potentialAction\":[{\"@type\":\"SearchAction\",\"target\":{\"@type\":\"EntryPoint\",\"urlTemplate\":\"https:\\\/\\\/www.fit.fi\\\/elselautala\\\/?s={search_term_string}\"},\"query-input\":{\"@type\":\"PropertyValueSpecification\",\"valueRequired\":true,\"valueName\":\"search_term_string\"}}],\"inLanguage\":\"fi\"}]}<\/script>\n<!-- \/ Yoast SEO plugin. -->","yoast_head_json":{"title":"Tietoa bloggaajasta - Else Lautala","robots":{"index":"index","follow":"follow","max-snippet":"max-snippet:-1","max-image-preview":"max-image-preview:large","max-video-preview":"max-video-preview:-1"},"canonical":"https:\/\/www.fit.fi\/elselautala\/about\/","og_locale":"fi_FI","og_type":"article","og_title":"Tietoa bloggaajasta - Else Lautala","og_description":"Viisinkertainen fitneksen maailmanmestari Else Lautala rakastaa rankkaa salitreeni\u00e4. Fitnessmallina tutuksi tullut Else nauttii my\u00f6s liikuntapahtumien j\u00e4rjest\u00e4misest\u00e4 ja juontamisesta. Elsen viihtyy luonnossa ja on koulutukseltaan er\u00e4opas. Yht\u00e4 mielell\u00e4\u00e4n h\u00e4n matkustaa ymp\u00e4ri maailmaa. Else kirjoittaa treenaamisesta, hyv\u00e4st\u00e4 olosta, luonnosta, terveellisest\u00e4 ravinnosta ja matkailusta. T\u00e4rke\u00e4 osa Elsen blogia ovat h\u00e4nen treenivideonsa. Elsen treenit l\u00f6ytyv\u00e4t my\u00f6s Fit-lehdest\u00e4. Haluatko tehd\u00e4","og_url":"https:\/\/www.fit.fi\/elselautala\/about\/","og_site_name":"Else Lautala","article_modified_time":"2018-06-19T19:15:35+00:00","og_image":[{"width":1024,"height":1024,"url":"https:\/\/www.fit.fi\/elselautala\/wp-content\/uploads\/sites\/46\/2018\/06\/FIT-Lehti-Blog-Else-Lautala-Profile-1-1024x1024.jpg","type":"image\/jpeg"}],"twitter_card":"summary_large_image","schema":{"@context":"https:\/\/schema.org","@graph":[{"@type":"WebPage","@id":"https:\/\/www.fit.fi\/elselautala\/about\/","url":"https:\/\/www.fit.fi\/elselautala\/about\/","name":"Tietoa bloggaajasta - Else Lautala","isPartOf":{"@id":"https:\/\/www.fit.fi\/elselautala\/#website"},"primaryImageOfPage":{"@id":"https:\/\/www.fit.fi\/elselautala\/about\/#primaryimage"},"image":{"@id":"https:\/\/www.fit.fi\/elselautala\/about\/#primaryimage"},"thumbnailUrl":"https:\/\/www.fit.fi\/elselautala\/wp-content\/uploads\/sites\/46\/2018\/06\/FIT-Lehti-Blog-Else-Lautala-Profile-1.jpg","datePublished":"2018-06-12T06:12:03+00:00","dateModified":"2018-06-19T19:15:35+00:00","breadcrumb":{"@id":"https:\/\/www.fit.fi\/elselautala\/about\/#breadcrumb"},"inLanguage":"fi","potentialAction":[{"@type":"ReadAction","target":["https:\/\/www.fit.fi\/elselautala\/about\/"]}]},{"@type":"ImageObject","inLanguage":"fi","@id":"https:\/\/www.fit.fi\/elselautala\/about\/#primaryimage","url":"https:\/\/www.fit.fi\/elselautala\/wp-content\/uploads\/sites\/46\/2018\/06\/FIT-Lehti-Blog-Else-Lautala-Profile-1.jpg","contentUrl":"https:\/\/www.fit.fi\/elselautala\/wp-content\/uploads\/sites\/46\/2018\/06\/FIT-Lehti-Blog-Else-Lautala-Profile-1.jpg","width":3648,"height":3648},{"@type":"BreadcrumbList","@id":"https:\/\/www.fit.fi\/elselautala\/about\/#breadcrumb","itemListElement":[{"@type":"ListItem","position":1,"name":"Home","item":"https:\/\/www.fit.fi\/elselautala\/"},{"@type":"ListItem","position":2,"name":"Tietoa bloggaajasta"}]},{"@type":"WebSite","@id":"https:\/\/www.fit.fi\/elselautala\/#website","url":"https:\/\/www.fit.fi\/elselautala\/","name":"Else Lautala","description":"","potentialAction":[{"@type":"SearchAction","target":{"@type":"EntryPoint","urlTemplate":"https:\/\/www.fit.fi\/elselautala\/?s={search_term_string}"},"query-input":{"@type":"PropertyValueSpecification","valueRequired":true,"valueName":"search_term_string"}}],"inLanguage":"fi"}]}},"_links":{"self":[{"href":"https:\/\/www.fit.fi\/elselautala\/wp-json\/wp\/v2\/pages\/10","targetHints":{"allow":["GET"]}}],"collection":[{"href":"https:\/\/www.fit.fi\/elselautala\/wp-json\/wp\/v2\/pages"}],"about":[{"href":"https:\/\/www.fit.fi\/elselautala\/wp-json\/wp\/v2\/types\/page"}],"author":[{"embeddable":true,"href":"https:\/\/www.fit.fi\/elselautala\/wp-json\/wp\/v2\/users\/27"}],"replies":[{"embeddable":true,"href":"https:\/\/www.fit.fi\/elselautala\/wp-json\/wp\/v2\/comments?post=10"}],"version-history":[{"count":6,"href":"https:\/\/www.fit.fi\/elselautala\/wp-json\/wp\/v2\/pages\/10\/revisions"}],"predecessor-version":[{"id":120,"href":"https:\/\/www.fit.fi\/elselautala\/wp-json\/wp\/v2\/pages\/10\/revisions\/120"}],"wp:featuredmedia":[{"embeddable":true,"href":"https:\/\/www.fit.fi\/elselautala\/wp-json\/wp\/v2\/media\/170"}],"wp:attachment":[{"href":"https:\/\/www.fit.fi\/elselautala\/wp-json\/wp\/v2\/media?parent=10"}],"curies":[{"name":"wp","href":"https:\/\/api.w.org\/{rel}","templated":true}]}}